{"id":2728,"date":"2018-11-08T11:08:35","date_gmt":"2018-11-08T09:08:35","guid":{"rendered":"http:\/\/ipp.md\/?page_id=2728"},"modified":"2018-11-09T10:24:11","modified_gmt":"2018-11-09T08:24:11","slug":"granturi","status":"publish","type":"page","link":"https:\/\/ipp.md\/en\/grants\/","title":{"rendered":"Grants"},"content":{"rendered":"<p><\/p>\n<h3><span style=\"text-decoration: underline;\"><strong>Program de granturi mici pentru proiecte comunitare<\/strong><\/span><\/h3>\n<p><strong>Context<\/strong><\/p>\n<p>\u00cen perioada decembrie 2016 \u2013 iunie 2020, IPP cu suportul financiar al Departamentului de Stat al SUA, implementeaz\u0103 proiectul\u00a0<a href=\"http:\/\/ipp.md\/2016-12\/promovarea-activitatii-politienesti-bazata-pe-comunitate-in-moldova\/\">\u201ePromovarea implic\u0103rii societ\u0103\u021bii civile \u00een consolidarea securit\u0103\u021bii comunitare\u201c<\/a>.<\/p>\n<p>Proiectul \u00ee\u0219i propune:<\/p>\n<ol>\n<li>S\u0103 identifice, testeze \u0219i implementeze cele mai bune practici de cooperare \u00een solu\u021bionarea problemelor de siguran\u021b\u0103 comunitar\u0103, inclusiv prin sus\u021binerea activit\u0103\u021bii Consiliilor de Securitate Comunitar\u0103 (CSC) \u00een 9 localit\u0103\u021bi-pilot din Republica Moldova;<\/li>\n<li>S\u0103 extind\u0103 modele \u0219i practici de referin\u021b\u0103 viabile pentru solu\u021bionarea problemelor de siguran\u021b\u0103 comunitar\u0103 la nivel na\u021bional.<\/li>\n<\/ol>\n<p>\u00cen conformitate cu obiectivele proiectului, IPP\u00a0<strong>lanseaz\u0103 Programul de Granturi Mici<\/strong>\u00a0\u0219i invit\u0103 s\u0103 aplice Organiza\u021biile Societ\u0103\u021bii Civile (OSC) locale \u0219i na\u021bionale, care activeaz\u0103 \u00een una sau mai multe din cele 9 localit\u0103\u021bi (regiuni) pilotate: Cahul, Cead\u00e2r-Lunga, Comrat, Leova, Otaci, S\u00e2ngerei, Soroca, Str\u0103\u0219eni, Ungheni.<\/p>\n<p><strong>Scopul \u0219i Obiectivele Programului<\/strong><\/p>\n<p><strong>Scopul\u00a0<\/strong>programului este de a consolida rolul OSC-urilor locale \u0219i na\u021bionale \u0219i de a sus\u021bine implicarea lor \u00een solu\u021bionarea problemelor de siguran\u021b\u0103 comunitar\u0103 \u00een cele 9 regiuni pilotate \u0219i la nivel na\u021bional prin sus\u021binerea ini\u021biativelor care abordeaz\u0103 problematica drepturilor omului, prevenirii infrac\u021biunilor, ordinii publice \u0219i problemele specifice fiec\u0103rei comunit\u0103\u021bi \u00een parte.<\/p>\n<p><strong>Obiectivele<\/strong>\u00a0programului sunt:<\/p>\n<ol>\n<li>Sporirea gradului de participare a comunit\u0103\u021bii \u00een consolidarea securit\u0103\u021bii \u0219i ordinii publice \u0219i \u00een solu\u021bionarea problemelor comunitare;<\/li>\n<li>Dezvoltarea parteneriatelor locale dintre Autorit\u0103\u021bile Publice Locale (APL\/Prim\u0103rii), alte institu\u021bii descentralizate, OSC-uri \u0219i cet\u0103\u021beni.<\/li>\n<\/ol>\n<p>\u00cen cadrul\u00a0<strong>Programului<\/strong>\u00a0vor fi sus\u021binute\u00a0<strong>activit\u0103\u021bi\u00a0<\/strong>de voluntariat, instruire, informare \u0219i sensibilizare a comunit\u0103\u021bii, crearea \u0219i difuzarea materialelor educative (scrise, foto, video), organizarea unor forumuri comunitare, dezbateri publice, concursuri, flashmob-uri, picturi murale, expozi\u021bii \u0219i alte evenimente publice \u0219i activit\u0103\u021bi care vor viza:<\/p>\n<ul>\n<li>identificarea \u0219i solu\u021bionarea problemelor de securitate specifice localit\u0103\u021bii;<\/li>\n<li>educarea activismului civic \u0219i spiritului de implicare a cet\u0103\u021benilor;<\/li>\n<li>promovarea bunelor practici de implicare a membrilor comunit\u0103\u021bii \u00een solu\u021bionarea problemelor de siguran\u021b\u0103 comunitar\u0103;<\/li>\n<li>combaterea indiferen\u021bei fa\u021b\u0103 de problemele comunitare \u0219i comportamentele antisociale;<\/li>\n<li>caricaturizarea\/dezaprobarea comportamentelor antisociale;<\/li>\n<li>implicarea comunit\u0103\u021bii \u00een ac\u021biuni de prevenire a infrac\u021biunilor \u0219i\/sau a viciilor sociale (ex: dezordine, \u00eenc\u0103lcarea regulilor de convie\u021buire comunitar\u0103 \u0219i\/sau a drepturilor omului, agresivitate, violen\u021b\u0103, \u00eenc\u0103lcarea legii, consum abuziv de alcool\/droguri etc.)<\/li>\n<\/ul>\n<p><em>Not\u0103: Lista de activit\u0103\u021bi nu este exclusiv\u0103.<\/em><\/p>\n<p><strong>Criterii de eligibilitate<\/strong><\/p>\n<ul>\n<li>OSC-urile trebuie s\u0103 fie legal \u00eenregistrate \u00een conformitate cu legisla\u021bia Republicii Moldova;<\/li>\n<li>Activit\u0103\u021bile proiectului trebuie s\u0103 fie implementate \u00een una sau mai multe dintre localit\u0103\u021bile pilotate \u00een cadrul proiectului: Cahul, Cead\u00e2r-Lunga, Comrat, Leova, Otaci, S\u00e2ngerei, Soroca, Str\u0103\u0219eni, Ungheni;<\/li>\n<li>Nu sunt eligibile organiza\u021biile politice sau religioase.<\/li>\n<\/ul>\n<p><em>Not\u0103: Sunt \u00eencurajate s\u0103 aplice \u0219i organiza\u021biile nou create, care pot demonstra capacitatea de administrare a unui grant (ex: au desf\u0103\u0219urat anterior ac\u021biuni de voluntariat comunitar, depun cu regularitate rapoarte financiare, prezint\u0103 comunit\u0103\u021bii rapoartele de activitate).<\/em><\/p>\n<p><strong>Parteneriate<\/strong><\/p>\n<p>IPP \u00eencurajeaz\u0103 OSC-urile aplicante s\u0103 dezvolte proiecte \u00een parteneriat cu Consiliile de Securitate Comunitar\u0103 \u0219i\/sau cu APL-urile (Prim\u0103rii), alte institu\u021bii descentralizate \u0219i alte organiza\u021bii ale societ\u0103\u021bii civile.<\/p>\n<p>Consiliile de Securitate Comunitar\u0103 create \u00een comunit\u0103\u021bile-pilot sunt organe consultative care \u00eentrunesc reprezentan\u021bii autorit\u0103\u021bilor publice locale, institu\u021biilor publice \u0219i societ\u0103\u021bii civile, examineaz\u0103 problemele de securitate \u0219i ordine public\u0103 din localitate, determin\u0103 ac\u021biunile necesare pentru solu\u021bionarea \u00een comun a acestora, coordoneaz\u0103 \u0219i monitorizeaz\u0103 implementarea ac\u021biunilor convenite.<\/p>\n<p>Pentru stabilirea parteneriatelor cu CSC, contacta\u021bi reprezentan\u021bii acestora (primarii, viceprimarii, secretarii prim\u0103riilor) din localitatea Dvs.<\/p>\n<p><strong>Activit\u0103\u021bi \u0219i cheltuieli neeligibile<\/strong><\/p>\n<ul>\n<li>Activit\u0103\u021bi legate de promovarea anumitor partide politice;<\/li>\n<li>Proiecte de construc\u021bie sau reabilitare a construc\u021biilor;<\/li>\n<li>Distribuirea asisten\u021bei sau a fondurilor de urgen\u021b\u0103\/umanitare;<\/li>\n<li>Evenimente sau activit\u0103\u021bi religioase;<\/li>\n<li>I\u0302mprumuturi pentru persoane fizice sau juridice;<\/li>\n<li>Costuri aferente evenimentelor de divertisment\/distract\u0326iilor, b\u0103uturi alcoolice;<\/li>\n<li>Donat\u0326ii, cadouri, premii pentru persoane fizice sau juridice;<\/li>\n<li>Datorii, penalita\u0306t\u0326i, amenzi, inclusiv cele cauzate de i\u0302nca\u0306lcarea prevederilor legale (neachitarea taxelor, neraportarea la organele fiscale etc.);<\/li>\n<li>Alte activit\u0103\u021bi care nu au leg\u0103tur\u0103 cu implementarea direct\u0103 a proiectului.<\/li>\n<\/ul>\n<p><strong>\u00a0<\/strong><strong>Buget<\/strong><\/p>\n<p>Bugetul trebuie s\u0103 fie stabilit \u00een Lei moldovene\u0219ti (MDL). Bugetul va con\u021bine o descifrare detaliat\u0103 a cheltuielilor eligibile, va fi realistic \u0219i va prezenta costuri reale, existente pe pia\u021b\u0103. Toate cheltuielile trebuie s\u0103 fie direct asociate realiz\u0103rii proiectului.<\/p>\n<p>Suma maxim\u0103 alocat\u0103 de IPP pentru un grant este de 85,000 lei (MDL). O sum\u0103 minim\u0103 nu este prev\u0103zut\u0103. Doar costurile de salarizare \u0219i administrative vor avea o limit\u0103 la alocarea resurselor, dup\u0103 cum:<\/p>\n<ul>\n<li>Costuri de salarizare pentru echipa de proiect &#8211; maxim 25% din suma oferit\u0103 de IPP;<\/li>\n<li>Costuri administrative &#8211; maxim 7% (ex: arend\u0103 oficiu, utilit\u0103\u021bi, taxe bancare, telefon, internet etc.) din suma oferit\u0103 de IPP.<\/li>\n<\/ul>\n<p>Costurile directe (exper\u021bi\/formatori, transport, echipament, publica\u021bii, cheltuieli pentru evenimente, materiale, etc) nu prev\u0103d limite la alocarea resurselor.<\/p>\n<p><strong>Durata proiectelor<\/strong><\/p>\n<p>Perioada maxim\u0103 de implementare a unui proiect este de 8 luni. O perioad\u0103 minim\u0103 nu este prev\u0103zut\u0103. Implementarea proiectelor c\u00e2\u0219tig\u0103toare va avea loc \u00eencep\u00e2nd cu 1 martie 2019.<\/p>\n<p><strong>Procesul de selectare<\/strong><\/p>\n<p>Selectarea proiectelor va fi efectuat\u0103 de c\u0103tre o comisie, format\u0103 din reprezentan\u021bi ai OSC-urilor, organiza\u021biilor donatoare \u0219i IPP, conform urm\u0103toarelor criterii:<\/p>\n<ol>\n<li>Relevan\u021ba propunerii de proiect cu obiectivele de finan\u021bare.<\/li>\n<li>Rezultatele preconizate \u00een domeniul sporirii siguran\u021bei comunitare.<\/li>\n<li>Num\u0103rul de beneficiari direc\u021bi \u0219i indirec\u021bi ai proiectului.<\/li>\n<li>Practici \u0219i abord\u0103ri inovatoare\/originalitatea ideii de proiect.<\/li>\n<li>Bugetarea clar\u0103 a activit\u0103\u021bilor proiectului \u0219i includerea costurilor rezonabile.<\/li>\n<li>Capacitatea demonstrat\u0103 de administrare a proiectelor.<\/li>\n<\/ol>\n<p>Realizarea\u00a0<strong>proiectelor \u00een parteneriat<\/strong>\u00a0cu Consiliile de Securitate Comunitar\u0103, APL (Prim\u0103ria), alte institu\u021bii publice \u0219i organiza\u021bii ale societ\u0103\u021bii civile va constitui un avantaj.<\/p>\n<p>Sus\u021binerea\u00a0<strong>financiar\u0103\/cofinan\u021barea\u00a0<\/strong>proiectelor din partea aplicantului, a Consiliilor de Securitate Comunitar\u0103, APL (Prim\u0103rie), Consiliilor locale, altor institu\u021bii publice \u0219i organiza\u021bii ale societ\u0103\u021bii civile va constitui un avantaj.<\/p>\n<p><strong>Procesul de aplicare<\/strong><\/p>\n<p>Aplicantul poate depune un singur dosar pentru programul de granturi mici.<\/p>\n<p><strong>Dosarele complete (\u00een rom\u00e2n\u0103 sau rus\u0103) vor fi expediate prin e-mail la adresele\u00a0<\/strong><a href=\"mailto:ipp@ipp.md\"><strong>ipp@ipp.md<\/strong><\/a>\u00a0\u0219i\u00a0<a href=\"mailto:ir.ciumac@gmail.com\"><strong>ir.ciumac@gmail.com<\/strong><\/a>\u00a0<strong>indic\u00e2nd la subiect \u201eProgram de granturi mici\u201d, sau pot fi depuse personal la oficiul Institutului de Politici Publice.<\/strong><\/p>\n<p>Recep\u021bionarea dosarului va fi confirmat\u0103 prin po\u0219ta electronic\u0103.<\/p>\n<p>Termenul limit\u0103 de depunere este\u00a0<strong>21 decembrie 2018, ora 18.00, ora local\u0103<\/strong>.\u00a0 Propunerile de proiect depuse dup\u0103 data limit\u0103, care nu \u00eendeplinesc criteriile de eligibilitate \u0219i\/sau sunt incomplete nu vor fi luate \u00een considerare.<\/p>\n<p>Dosarul de proiect va con\u021bine urm\u0103toarele anexe:<\/p>\n<ul>\n<li>Formularul de Aplicare<\/li>\n<li>Bugetul proiectului<\/li>\n<li>Certificatul de \u00eenregistrare al organiza\u021biei (scanat)<\/li>\n<li>Statutul organiza\u021biei (scanat)<\/li>\n<li>CV-urile echipei de implementare<\/li>\n<li>Ultimul raport financiar anual<\/li>\n<li>Dovada parteneriatului (dac\u0103 exist\u0103)<\/li>\n<li>Alte materiale pe care le considera\u021bi relevante (despre activitatea organiza\u021biei, scrisori de recomandare, publica\u021bii, articole etc.)<\/li>\n<\/ul>\n<p>Instruc\u021biunile detaliate \u0219i formularul de aplicare, inclusiv modelul bugetului, sunt disponibile pe pagina web a IPP <span style=\"color: #0000ff;\"><a style=\"color: #0000ff;\" href=\"http:\/\/ipp.md\/granturi\/\">www.ipp.md\/granturi<\/a>.\u00a0<\/span><\/p>\n<p>Pentru detalii suplimentare sau orice \u00eentreb\u0103ri legate de procesul de aplicare contacta\u021bi persoanele de contact din cadrul IPP:<\/p>\n<p>Irina Ciumac, Manager de granturi<\/p>\n<p>e-mail:\u00a0<a href=\"mailto:ir.ciumac@gmail.com\">ir.ciumac@gmail.com<\/a>;<br \/>\nTel: 060 22 6060, 022 276 785.<\/p>\n<p>Iurie P\u00eentea, Coordonator de proiect<\/p>\n<p>e-mail:\u00a0<a href=\"mailto:iurie_pintea@ipp.md\">iurie_pintea@ipp.md<\/a><br \/>\nTel: 022 276 785<br \/>\nMD-2012, Chi\u0219in\u0103u, str.Pu\u0219kin 16\/2<br \/>\nInstitutul de Politici Publice<\/p>\n<p>&nbsp;<\/p>\n<p>TERMENI DE REFERIN\u021a\u0102<\/p>\n<p><strong><a href=\"https:\/\/drive.google.com\/open?id=1OVXYOYudOCE_OCozuJM2w-ldqxJ2chp3\" target=\"_blank\">FORMULAR DE APLICARE LA PROGRAMUL DE GRANTURI MICI<\/a><\/strong><\/p>\n<p><strong><a href=\"https:\/\/drive.google.com\/open?id=1pijSeU5EOVhH6gQxrjl7R2GG4ar1ObOs\" target=\"_blank\">MODEL BUGET<\/a><\/strong><\/p>\n<p>&nbsp;<\/p>\n<p>&nbsp;<\/p>","protected":false},"excerpt":{"rendered":"<p>Program de granturi mici pentru proiecte comunitare Context \u00cen perioada decembrie 2016 \u2013 iunie 2020, IPP cu suportul financiar al Departamentului de Stat al SUA, implementeaz\u0103 proiectul\u00a0\u201ePromovarea implic\u0103rii societ\u0103\u021bii civile \u00een consolidarea securit\u0103\u021bii comunitare\u201c. Proiectul \u00ee\u0219i propune: S\u0103 identifice, testeze \u0219i implementeze cele mai bune practici de cooperare \u00een solu\u021bionarea problemelor de siguran\u021b\u0103 comunitar\u0103, inclusiv [&hellip;]<\/p>\n","protected":false},"author":3,"featured_media":0,"parent":0,"menu_order":0,"comment_status":"closed","ping_status":"closed","template":"","meta":{"footnotes":""},"class_list":["post-2728","page","type-page","status-publish","hentry"],"_links":{"self":[{"href":"https:\/\/ipp.md\/en\/wp-json\/wp\/v2\/pages\/2728","targetHints":{"allow":["GET"]}}],"collection":[{"href":"https:\/\/ipp.md\/en\/wp-json\/wp\/v2\/pages"}],"about":[{"href":"https:\/\/ipp.md\/en\/wp-json\/wp\/v2\/types\/page"}],"author":[{"embeddable":true,"href":"https:\/\/ipp.md\/en\/wp-json\/wp\/v2\/users\/3"}],"replies":[{"embeddable":true,"href":"https:\/\/ipp.md\/en\/wp-json\/wp\/v2\/comments?post=2728"}],"version-history":[{"count":3,"href":"https:\/\/ipp.md\/en\/wp-json\/wp\/v2\/pages\/2728\/revisions"}],"predecessor-version":[{"id":2764,"href":"https:\/\/ipp.md\/en\/wp-json\/wp\/v2\/pages\/2728\/revisions\/2764"}],"wp:attachment":[{"href":"https:\/\/ipp.md\/en\/wp-json\/wp\/v2\/media?parent=2728"}],"curies":[{"name":"wp","href":"https:\/\/api.w.org\/{rel}","templated":true}]}}